{"id":2113,"date":"2020-11-12T13:20:42","date_gmt":"2020-11-12T13:20:42","guid":{"rendered":"https:\/\/arosaindustries.ro\/careers\/"},"modified":"2021-10-07T11:21:22","modified_gmt":"2021-10-07T11:21:22","slug":"cariere","status":"publish","type":"page","link":"https:\/\/arosaindustries.ro\/ro\/cariere\/","title":{"rendered":"Cariere"},"content":{"rendered":"\t\t<div data-elementor-type=\"wp-page\" data-elementor-id=\"2113\" class=\"elementor elementor-2113 elementor-391\" data-elementor-settings=\"[]\">\n\t\t\t\t\t\t<div class=\"elementor-inner\">\n\t\t\t\t\t\t\t<div class=\"elementor-section-wrap\">\n\t\t\t\t\t\t\t<section class=\"elementor-section elementor-top-section elementor-element elementor-element-0c23386 elementor-section-boxed elementor-section-height-default elementor-section-height-default\" data-id=\"0c23386\" data-element_type=\"section\">\n\t\t\t\t\t\t<div class=\"elementor-container elementor-column-gap-default\">\n\t\t\t\t\t\t\t<div class=\"elementor-row\">\n\t\t\t\t\t<div class=\"aux-parallax-section elementor-column elementor-col-33 elementor-top-column elementor-element elementor-element-a991cb5\" data-id=\"a991cb5\" data-element_type=\"column\">\n\t\t\t<div class=\"elementor-column-wrap elementor-element-populated\">\n\t\t\t\t\t\t\t<div class=\"elementor-widget-wrap\">\n\t\t\t\t\t\t<div class=\"elementor-element elementor-element-a25fcc0 el_modern-heading style-1 elementor-widget elementor-widget-aux_modern_heading\" data-id=\"a25fcc0\" data-element_type=\"widget\" data-widget_type=\"aux_modern_heading.default\">\n\t\t\t\t<div class=\"elementor-widget-container\">\n\t\t\t<section class=\"aux-widget-modern-heading\">\n            <div class=\"aux-widget-inner\"><h2 class=\"aux-modern-heading-primary\"><\/h2><h3 class=\"aux-modern-heading-secondary\"><span class=\"aux-head-before\">Vino \u00een<\/span><span class=\"aux-head-highlight\">echipa noastr\u0103<\/span><\/h3><\/div>\n        <\/section>\t\t<\/div>\n\t\t\t\t<\/div>\n\t\t\t\t<div class=\"elementor-element elementor-element-72d7de7 el_title-divider style-1 elementor-widget elementor-widget-text-editor\" data-id=\"72d7de7\" data-element_type=\"widget\" data-widget_type=\"text-editor.default\">\n\t\t\t\t<div class=\"elementor-widget-container\">\n\t\t\t\t\t<div class=\"elementor-text-editor elementor-clearfix\"><div class=\"aux-bus2-title-divider\"><\/div><\/div>\n\t\t\t\t<\/div>\n\t\t\t\t<\/div>\n\t\t\t\t<div class=\"elementor-element elementor-element-1792eeb aux-appear-watch-animation aux-fade-in-up elementor-widget elementor-widget-text-editor\" data-id=\"1792eeb\" data-element_type=\"widget\" data-widget_type=\"text-editor.default\">\n\t\t\t\t<div class=\"elementor-widget-container\">\n\t\t\t\t\t<div class=\"elementor-text-editor elementor-clearfix\">Hai \u00een echipa nostr\u0103 \u0219i ajut\u0103-ne s\u0103 construim produse din metal, de calitate \u00eenalt\u0103.<br \/>\nPovestea noastr\u0103 a \u00eenceput \u00een 2010, cu mult entuziasm \u0219i multe z\u00e2mbete. Acum livr\u0103m produse \u00een toate col\u021burile lumii.<br \/>\nTrimite-ne CV-ul t\u0103u la adresa de e-mail de mai jos sau folosind formularul al\u0103turat.<\/div>\n\t\t\t\t<\/div>\n\t\t\t\t<\/div>\n\t\t\t\t<section class=\"elementor-section elementor-inner-section elementor-element elementor-element-365dca6 elementor-section-boxed elementor-section-height-default elementor-section-height-default\" data-id=\"365dca6\" data-element_type=\"section\">\n\t\t\t\t\t\t<div class=\"elementor-container elementor-column-gap-default\">\n\t\t\t\t\t\t\t<div class=\"elementor-row\">\n\t\t\t\t\t<div class=\"aux-parallax-section elementor-column elementor-col-100 elementor-inner-column elementor-element elementor-element-15deff7\" data-id=\"15deff7\" data-element_type=\"column\" data-settings=\"{&quot;background_background&quot;:&quot;classic&quot;}\">\n\t\t\t<div class=\"elementor-column-wrap elementor-element-populated\">\n\t\t\t\t\t\t\t<div class=\"elementor-widget-wrap\">\n\t\t\t\t\t\t<div class=\"elementor-element elementor-element-b3c8252 elementor-widget elementor-widget-text-editor\" data-id=\"b3c8252\" data-element_type=\"widget\" data-widget_type=\"text-editor.default\">\n\t\t\t\t<div class=\"elementor-widget-container\">\n\t\t\t\t\t<div class=\"elementor-text-editor elementor-clearfix\">office@arosaindustries.ro<\/div>\n\t\t\t\t<\/div>\n\t\t\t\t<\/div>\n\t\t\t\t<div class=\"elementor-element elementor-element-a77f0d2 elementor-widget elementor-widget-text-editor\" data-id=\"a77f0d2\" data-element_type=\"widget\" data-widget_type=\"text-editor.default\">\n\t\t\t\t<div class=\"elementor-widget-container\">\n\t\t\t\t\t<div class=\"elementor-text-editor elementor-clearfix\">+40 364 140 280<\/div>\n\t\t\t\t<\/div>\n\t\t\t\t<\/div>\n\t\t\t\t\t\t<\/div>\n\t\t\t\t\t<\/div>\n\t\t<\/div>\n\t\t\t\t\t\t\t\t<\/div>\n\t\t\t\t\t<\/div>\n\t\t<\/section>\n\t\t\t\t<div class=\"elementor-element elementor-element-0dc5224 elementor-widget elementor-widget-heading\" data-id=\"0dc5224\" data-element_type=\"widget\" data-widget_type=\"heading.default\">\n\t\t\t\t<div class=\"elementor-widget-container\">\n\t\t\t<h2 class=\"elementor-heading-title elementor-size-default\">C\u0103ut\u0103m colegi<\/h2>\t\t<\/div>\n\t\t\t\t<\/div>\n\t\t\t\t<section class=\"elementor-section elementor-inner-section elementor-element elementor-element-5109150 elementor-section-boxed elementor-section-height-default elementor-section-height-default\" data-id=\"5109150\" data-element_type=\"section\">\n\t\t\t\t\t\t<div class=\"elementor-container elementor-column-gap-default\">\n\t\t\t\t\t\t\t<div class=\"elementor-row\">\n\t\t\t\t\t<div class=\"aux-parallax-section elementor-column elementor-col-100 elementor-inner-column elementor-element elementor-element-4daec0e\" data-id=\"4daec0e\" data-element_type=\"column\" data-settings=\"{&quot;background_background&quot;:&quot;classic&quot;}\">\n\t\t\t<div class=\"elementor-column-wrap elementor-element-populated\">\n\t\t\t\t\t\t\t<div class=\"elementor-widget-wrap\">\n\t\t\t\t\t\t<div class=\"elementor-element elementor-element-28dce0f elementor-widget elementor-widget-text-editor\" data-id=\"28dce0f\" data-element_type=\"widget\" data-widget_type=\"text-editor.default\">\n\t\t\t\t<div class=\"elementor-widget-container\">\n\t\t\t\t\t<div class=\"elementor-text-editor elementor-clearfix\">Sudori MIG-MAG<\/div>\n\t\t\t\t<\/div>\n\t\t\t\t<\/div>\n\t\t\t\t\t\t<\/div>\n\t\t\t\t\t<\/div>\n\t\t<\/div>\n\t\t\t\t\t\t\t\t<\/div>\n\t\t\t\t\t<\/div>\n\t\t<\/section>\n\t\t\t\t<section class=\"elementor-section elementor-inner-section elementor-element elementor-element-f66eded elementor-section-boxed elementor-section-height-default elementor-section-height-default\" data-id=\"f66eded\" data-element_type=\"section\">\n\t\t\t\t\t\t<div class=\"elementor-container elementor-column-gap-default\">\n\t\t\t\t\t\t\t<div class=\"elementor-row\">\n\t\t\t\t\t<div class=\"aux-parallax-section elementor-column elementor-col-100 elementor-inner-column elementor-element elementor-element-62ac093\" data-id=\"62ac093\" data-element_type=\"column\" data-settings=\"{&quot;background_background&quot;:&quot;classic&quot;}\">\n\t\t\t<div class=\"elementor-column-wrap elementor-element-populated\">\n\t\t\t\t\t\t\t<div class=\"elementor-widget-wrap\">\n\t\t\t\t\t\t<div class=\"elementor-element elementor-element-9a83fc1 elementor-widget elementor-widget-text-editor\" data-id=\"9a83fc1\" data-element_type=\"widget\" data-widget_type=\"text-editor.default\">\n\t\t\t\t<div class=\"elementor-widget-container\">\n\t\t\t\t\t<div class=\"elementor-text-editor elementor-clearfix\">L\u0103c\u0103tu\u0219 confec\u021bii metalice<\/div>\n\t\t\t\t<\/div>\n\t\t\t\t<\/div>\n\t\t\t\t\t\t<\/div>\n\t\t\t\t\t<\/div>\n\t\t<\/div>\n\t\t\t\t\t\t\t\t<\/div>\n\t\t\t\t\t<\/div>\n\t\t<\/section>\n\t\t\t\t<section class=\"elementor-section elementor-inner-section elementor-element elementor-element-4db24e6 elementor-section-boxed elementor-section-height-default elementor-section-height-default\" data-id=\"4db24e6\" data-element_type=\"section\">\n\t\t\t\t\t\t<div class=\"elementor-container elementor-column-gap-default\">\n\t\t\t\t\t\t\t<div class=\"elementor-row\">\n\t\t\t\t\t<div class=\"aux-parallax-section elementor-column elementor-col-100 elementor-inner-column elementor-element elementor-element-2fc87f1\" data-id=\"2fc87f1\" data-element_type=\"column\" data-settings=\"{&quot;background_background&quot;:&quot;classic&quot;}\">\n\t\t\t<div class=\"elementor-column-wrap elementor-element-populated\">\n\t\t\t\t\t\t\t<div class=\"elementor-widget-wrap\">\n\t\t\t\t\t\t<div class=\"elementor-element elementor-element-0d2dd2d elementor-widget elementor-widget-text-editor\" data-id=\"0d2dd2d\" data-element_type=\"widget\" data-widget_type=\"text-editor.default\">\n\t\t\t\t<div class=\"elementor-widget-container\">\n\t\t\t\t\t<div class=\"elementor-text-editor elementor-clearfix\">Prelucr\u0103tori prin a\u0219chiere (bohrwerkisti, frezori, strungari)<\/div>\n\t\t\t\t<\/div>\n\t\t\t\t<\/div>\n\t\t\t\t\t\t<\/div>\n\t\t\t\t\t<\/div>\n\t\t<\/div>\n\t\t\t\t\t\t\t\t<\/div>\n\t\t\t\t\t<\/div>\n\t\t<\/section>\n\t\t\t\t<section class=\"elementor-section elementor-inner-section elementor-element elementor-element-75be8e2 elementor-section-boxed elementor-section-height-default elementor-section-height-default\" data-id=\"75be8e2\" data-element_type=\"section\">\n\t\t\t\t\t\t<div class=\"elementor-container elementor-column-gap-default\">\n\t\t\t\t\t\t\t<div class=\"elementor-row\">\n\t\t\t\t\t<div class=\"aux-parallax-section elementor-column elementor-col-100 elementor-inner-column elementor-element elementor-element-ce11c28\" data-id=\"ce11c28\" data-element_type=\"column\" data-settings=\"{&quot;background_background&quot;:&quot;classic&quot;}\">\n\t\t\t<div class=\"elementor-column-wrap elementor-element-populated\">\n\t\t\t\t\t\t\t<div class=\"elementor-widget-wrap\">\n\t\t\t\t\t\t<div class=\"elementor-element elementor-element-0569337 elementor-widget elementor-widget-text-editor\" data-id=\"0569337\" data-element_type=\"widget\" data-widget_type=\"text-editor.default\">\n\t\t\t\t<div class=\"elementor-widget-container\">\n\t\t\t\t\t<div class=\"elementor-text-editor elementor-clearfix\">Vopsitor industrial<\/div>\n\t\t\t\t<\/div>\n\t\t\t\t<\/div>\n\t\t\t\t\t\t<\/div>\n\t\t\t\t\t<\/div>\n\t\t<\/div>\n\t\t\t\t\t\t\t\t<\/div>\n\t\t\t\t\t<\/div>\n\t\t<\/section>\n\t\t\t\t<div class=\"elementor-element elementor-element-5a47f50 elementor-hidden-desktop elementor-widget elementor-widget-spacer\" data-id=\"5a47f50\" data-element_type=\"widget\" data-widget_type=\"spacer.default\">\n\t\t\t\t<div class=\"elementor-widget-container\">\n\t\t\t\t\t<div class=\"elementor-spacer\">\n\t\t\t<div class=\"elementor-spacer-inner\"><\/div>\n\t\t<\/div>\n\t\t\t\t<\/div>\n\t\t\t\t<\/div>\n\t\t\t\t\t\t<\/div>\n\t\t\t\t\t<\/div>\n\t\t<\/div>\n\t\t\t\t<div class=\"aux-parallax-section elementor-column elementor-col-33 elementor-top-column elementor-element elementor-element-0c760d8\" data-id=\"0c760d8\" data-element_type=\"column\">\n\t\t\t<div class=\"elementor-column-wrap elementor-element-populated\">\n\t\t\t\t\t\t\t<div class=\"elementor-widget-wrap\">\n\t\t\t\t\t\t<div class=\"elementor-element elementor-element-51ee6bd elementor-widget elementor-widget-bdt-contact-form-7\" data-id=\"51ee6bd\" data-element_type=\"widget\" data-widget_type=\"bdt-contact-form-7.default\">\n\t\t\t\t<div class=\"elementor-widget-container\">\n\t\t\t<div role=\"form\" class=\"wpcf7\" id=\"wpcf7-f2195-o1\" lang=\"en-US\" dir=\"ltr\">\n<div class=\"screen-reader-response\"><p role=\"status\" aria-live=\"polite\" aria-atomic=\"true\"><\/p> <ul><\/ul><\/div>\n<form action=\"\/ro\/wp-json\/wp\/v2\/pages\/2113#wpcf7-f2195-o1\" method=\"post\" class=\"wpcf7-form init\" enctype=\"multipart\/form-data\" novalidate=\"novalidate\" data-status=\"init\">\n<div style=\"display: none;\">\n<input type=\"hidden\" name=\"_wpcf7\" value=\"2195\" \/>\n<input type=\"hidden\" name=\"_wpcf7_version\" value=\"5.3\" \/>\n<input type=\"hidden\" name=\"_wpcf7_locale\" value=\"en_US\" \/>\n<input type=\"hidden\" name=\"_wpcf7_unit_tag\" value=\"wpcf7-f2195-o1\" \/>\n<input type=\"hidden\" name=\"_wpcf7_container_post\" value=\"0\" \/>\n<input type=\"hidden\" name=\"_wpcf7_posted_data_hash\" value=\"\" \/>\n<\/div>\n<div class=\"aux-modern-form\">\n<div class=\"aux-input-group aux-form-inline\">\n        <span class=\"wpcf7-form-control-wrap your-name\"><input type=\"text\" name=\"your-name\" value=\"\" size=\"40\" class=\"wpcf7-form-control wpcf7-text wpcf7-validates-as-required\" aria-required=\"true\" aria-invalid=\"false\" \/><\/span><br \/>\n        <label for=\"name\">Nume prenume*<\/label><\/p>\n<div class=\"aux-modern-form-border\"><\/div>\n<\/p><\/div>\n<div class=\"aux-input-group aux-form-inline\">\n        <span class=\"wpcf7-form-control-wrap your-email\"><input type=\"text\" name=\"your-email\" value=\"\" size=\"40\" class=\"wpcf7-form-control wpcf7-text\" aria-invalid=\"false\" \/><\/span><br \/>\n        <label for=\"email\">Email<\/label><\/p>\n<div class=\"aux-modern-form-border\"><\/div>\n<\/p><\/div>\n<div class=\"aux-input-group aux-form-inline\">\n        <span class=\"wpcf7-form-control-wrap your-telephone\"><input type=\"text\" name=\"your-telephone\" value=\"\" size=\"40\" class=\"wpcf7-form-control wpcf7-text wpcf7-validates-as-required\" aria-required=\"true\" aria-invalid=\"false\" \/><\/span><br \/>\n        <label for=\"number\">Telefon*<\/label><\/p>\n<div class=\"aux-modern-form-border\"><\/div>\n<\/p><\/div>\n<div class=\"aux-input-group aux-form-inline\">\n        <span class=\"wpcf7-form-control-wrap your-cv\"><input type=\"file\" name=\"your-cv\" size=\"40\" class=\"wpcf7-form-control wpcf7-file wpcf7-validates-as-required\" accept=\".jpg,.jpeg,.png,.gif,.pdf,.doc,.docx,.ppt,.pptx,.odt,.avi,.ogg,.m4a,.mov,.mp3,.mp4,.mpg,.wav,.wmv\" aria-required=\"true\" aria-invalid=\"false\" \/><\/span><\/p>\n<div class=\"aux-modern-form-border\"><\/div>\n<\/p><\/div>\n<p>    <input type=\"submit\" value=\"SEND CV\" class=\"wpcf7-form-control wpcf7-submit\" \/>\n<\/p><\/div>\n<div class=\"wpcf7-response-output\" aria-hidden=\"true\"><\/div><\/form><\/div>\t\t<\/div>\n\t\t\t\t<\/div>\n\t\t\t\t\t\t<\/div>\n\t\t\t\t\t<\/div>\n\t\t<\/div>\n\t\t\t\t<div class=\"aux-parallax-section elementor-column elementor-col-33 elementor-top-column elementor-element elementor-element-2862d99 elementor-hidden-tablet elementor-hidden-phone\" data-id=\"2862d99\" data-element_type=\"column\">\n\t\t\t<div class=\"elementor-column-wrap\">\n\t\t\t\t\t\t\t<div class=\"elementor-widget-wrap\">\n\t\t\t\t\t\t\t\t<\/div>\n\t\t\t\t\t<\/div>\n\t\t<\/div>\n\t\t\t\t\t\t\t\t<\/div>\n\t\t\t\t\t<\/div>\n\t\t<\/section>\n\t\t\t\t<section class=\"elementor-section elementor-top-section elementor-element elementor-element-a11451a elementor-section-stretched elementor-section-boxed elementor-section-height-default elementor-section-height-default\" data-id=\"a11451a\" data-element_type=\"section\" data-settings=\"{&quot;background_background&quot;:&quot;classic&quot;,&quot;stretch_section&quot;:&quot;section-stretched&quot;}\">\n\t\t\t\t\t\t<div class=\"elementor-container elementor-column-gap-default\">\n\t\t\t\t\t\t\t<div class=\"elementor-row\">\n\t\t\t\t\t<div class=\"aux-parallax-section elementor-column elementor-col-100 elementor-top-column elementor-element elementor-element-0d794e8\" data-id=\"0d794e8\" data-element_type=\"column\">\n\t\t\t<div class=\"elementor-column-wrap elementor-element-populated\">\n\t\t\t\t\t\t\t<div class=\"elementor-widget-wrap\">\n\t\t\t\t\t\t<div class=\"elementor-element elementor-element-9662be7 el_modern-heading style-1 elementor-widget elementor-widget-aux_modern_heading\" data-id=\"9662be7\" data-element_type=\"widget\" data-widget_type=\"aux_modern_heading.default\">\n\t\t\t\t<div class=\"elementor-widget-container\">\n\t\t\t<section class=\"aux-widget-modern-heading\">\n            <div class=\"aux-widget-inner\"><h2 class=\"aux-modern-heading-primary\"><\/h2><h3 class=\"aux-modern-heading-secondary\"><span class=\"aux-head-before\">Afl\u0103 mai multe despre noi<\/span><\/h3><\/div>\n        <\/section>\t\t<\/div>\n\t\t\t\t<\/div>\n\t\t\t\t<div class=\"elementor-element elementor-element-71dd73d elementor-widget elementor-widget-aux_button\" data-id=\"71dd73d\" data-element_type=\"widget\" data-widget_type=\"aux_button.default\">\n\t\t\t\t<div class=\"elementor-widget-container\">\n\t\t\t<a  href=\"\/ro\/despre-noi\" target=\"_self\"   class=\"aux-button aux-large aux-carmine-pink aux-none aux-uppercase\" ><span class=\"aux-overlay\"><\/span><span class=\"aux-text\">PROCESUL NOSTRU<\/span><\/a>\t\t<\/div>\n\t\t\t\t<\/div>\n\t\t\t\t\t\t<\/div>\n\t\t\t\t\t<\/div>\n\t\t<\/div>\n\t\t\t\t\t\t\t\t<\/div>\n\t\t\t\t\t<\/div>\n\t\t<\/section>\n\t\t\t\t\t\t<\/div>\n\t\t\t\t\t\t<\/div>\n\t\t\t\t\t<\/div>\n\t\t","protected":false},"excerpt":{"rendered":"<p>Vino \u00eenechipa noastr\u0103 Hai \u00een echipa nostr\u0103 \u0219i ajut\u0103-ne s\u0103 construim produse din metal, de calitate \u00eenalt\u0103. Povestea noastr\u0103 a \u00eenceput \u00een 2010, cu mult entuziasm \u0219i multe z\u00e2mbete. Acum livr\u0103m produse \u00een toate col\u021burile lumii. Trimite-ne CV-ul t\u0103u la adresa de e-mail de mai jos sau folosind formularul al\u0103turat.office@arosaindustries.ro+40 364 140 280 C\u0103ut\u0103m colegi [&hellip;]<\/p>\n","protected":false},"author":1,"featured_media":0,"parent":0,"menu_order":0,"comment_status":"closed","ping_status":"closed","template":"","meta":[],"yoast_head":"<!-- This site is optimized with the Yoast SEO plugin v16.2 - https:\/\/yoast.com\/wordpress\/plugins\/seo\/ -->\n<title>Job-uri disponibile. Vino \u00een echipa noastr\u0103 | Arosa Industries<\/title>\n<meta name=\"description\" content=\"Povestea noastr\u0103 a \u00eenceput \u00een 2010, cu mult entuziasm \u0219i multe z\u00e2mbete. Acum livr\u0103m produse \u00een toate col\u021burile lumii.\" \/>\n<meta name=\"robots\" content=\"index, follow, max-snippet:-1, max-image-preview:large, max-video-preview:-1\" \/>\n<link rel=\"canonical\" href=\"https:\/\/arosaindustries.ro\/ro\/cariere\/\" \/>\n<meta property=\"og:locale\" content=\"ro_RO\" \/>\n<meta property=\"og:type\" content=\"article\" \/>\n<meta property=\"og:title\" content=\"Job-uri disponibile. Vino \u00een echipa noastr\u0103 | Arosa Industries\" \/>\n<meta property=\"og:description\" content=\"Povestea noastr\u0103 a \u00eenceput \u00een 2010, cu mult entuziasm \u0219i multe z\u00e2mbete. Acum livr\u0103m produse \u00een toate col\u021burile lumii.\" \/>\n<meta property=\"og:url\" content=\"https:\/\/arosaindustries.ro\/ro\/cariere\/\" \/>\n<meta property=\"og:site_name\" content=\"Arosa Industries\" \/>\n<meta property=\"article:modified_time\" content=\"2021-10-07T11:21:22+00:00\" \/>\n<meta property=\"og:image\" content=\"https:\/\/arosaindustries.ro\/wp-content\/uploads\/2021\/10\/share-cariere.jpg\" \/>\n\t<meta property=\"og:image:width\" content=\"1200\" \/>\n\t<meta property=\"og:image:height\" content=\"628\" \/>\n<meta name=\"twitter:card\" content=\"summary_large_image\" \/>\n<meta name=\"twitter:label1\" content=\"Timp estimat pentru citire\">\n\t<meta name=\"twitter:data1\" content=\"1 minut\">\n<script type=\"application\/ld+json\" class=\"yoast-schema-graph\">{\"@context\":\"https:\/\/schema.org\",\"@graph\":[{\"@type\":\"Organization\",\"@id\":\"https:\/\/arosaindustries.ro\/#organization\",\"name\":\"Arosa Industries\",\"url\":\"https:\/\/arosaindustries.ro\/\",\"sameAs\":[],\"logo\":{\"@type\":\"ImageObject\",\"@id\":\"https:\/\/arosaindustries.ro\/#logo\",\"inLanguage\":\"ro-RO\",\"url\":\"https:\/\/arosaindustries.ro\/wp-content\/uploads\/2020\/10\/logo.png\",\"contentUrl\":\"https:\/\/arosaindustries.ro\/wp-content\/uploads\/2020\/10\/logo.png\",\"width\":295,\"height\":47,\"caption\":\"Arosa Industries\"},\"image\":{\"@id\":\"https:\/\/arosaindustries.ro\/#logo\"}},{\"@type\":\"WebSite\",\"@id\":\"https:\/\/arosaindustries.ro\/#website\",\"url\":\"https:\/\/arosaindustries.ro\/\",\"name\":\"Arosa Industries\",\"description\":\"Fabricated steel products\",\"publisher\":{\"@id\":\"https:\/\/arosaindustries.ro\/#organization\"},\"potentialAction\":[{\"@type\":\"SearchAction\",\"target\":\"https:\/\/arosaindustries.ro\/?s={search_term_string}\",\"query-input\":\"required name=search_term_string\"}],\"inLanguage\":\"ro-RO\"},{\"@type\":\"ImageObject\",\"@id\":\"https:\/\/arosaindustries.ro\/ro\/cariere\/#primaryimage\",\"inLanguage\":\"ro-RO\",\"url\":\"https:\/\/arosaindustries.ro\/wp-content\/uploads\/2021\/10\/share-cariere.jpg\",\"contentUrl\":\"https:\/\/arosaindustries.ro\/wp-content\/uploads\/2021\/10\/share-cariere.jpg\",\"width\":1200,\"height\":628},{\"@type\":\"WebPage\",\"@id\":\"https:\/\/arosaindustries.ro\/ro\/cariere\/#webpage\",\"url\":\"https:\/\/arosaindustries.ro\/ro\/cariere\/\",\"name\":\"Job-uri disponibile. Vino \\u00een echipa noastr\\u0103 | Arosa Industries\",\"isPartOf\":{\"@id\":\"https:\/\/arosaindustries.ro\/#website\"},\"primaryImageOfPage\":{\"@id\":\"https:\/\/arosaindustries.ro\/ro\/cariere\/#primaryimage\"},\"datePublished\":\"2020-11-12T13:20:42+00:00\",\"dateModified\":\"2021-10-07T11:21:22+00:00\",\"description\":\"Povestea noastr\\u0103 a \\u00eenceput \\u00een 2010, cu mult entuziasm \\u0219i multe z\\u00e2mbete. Acum livr\\u0103m produse \\u00een toate col\\u021burile lumii.\",\"breadcrumb\":{\"@id\":\"https:\/\/arosaindustries.ro\/ro\/cariere\/#breadcrumb\"},\"inLanguage\":\"ro-RO\",\"potentialAction\":[{\"@type\":\"ReadAction\",\"target\":[\"https:\/\/arosaindustries.ro\/ro\/cariere\/\"]}]},{\"@type\":\"BreadcrumbList\",\"@id\":\"https:\/\/arosaindustries.ro\/ro\/cariere\/#breadcrumb\",\"itemListElement\":[{\"@type\":\"ListItem\",\"position\":1,\"item\":{\"@type\":\"WebPage\",\"@id\":\"https:\/\/arosaindustries.ro\/ro\/\",\"url\":\"https:\/\/arosaindustries.ro\/ro\/\",\"name\":\"Home\"}},{\"@type\":\"ListItem\",\"position\":2,\"item\":{\"@id\":\"https:\/\/arosaindustries.ro\/ro\/cariere\/#webpage\"}}]}]}<\/script>\n<!-- \/ Yoast SEO plugin. -->","_links":{"self":[{"href":"https:\/\/arosaindustries.ro\/ro\/wp-json\/wp\/v2\/pages\/2113"}],"collection":[{"href":"https:\/\/arosaindustries.ro\/ro\/wp-json\/wp\/v2\/pages"}],"about":[{"href":"https:\/\/arosaindustries.ro\/ro\/wp-json\/wp\/v2\/types\/page"}],"author":[{"embeddable":true,"href":"https:\/\/arosaindustries.ro\/ro\/wp-json\/wp\/v2\/users\/1"}],"replies":[{"embeddable":true,"href":"https:\/\/arosaindustries.ro\/ro\/wp-json\/wp\/v2\/comments?post=2113"}],"version-history":[{"count":8,"href":"https:\/\/arosaindustries.ro\/ro\/wp-json\/wp\/v2\/pages\/2113\/revisions"}],"predecessor-version":[{"id":2881,"href":"https:\/\/arosaindustries.ro\/ro\/wp-json\/wp\/v2\/pages\/2113\/revisions\/2881"}],"wp:attachment":[{"href":"https:\/\/arosaindustries.ro\/ro\/wp-json\/wp\/v2\/media?parent=2113"}],"curies":[{"name":"wp","href":"https:\/\/api.w.org\/{rel}","templated":true}]}}