{"id":2115,"date":"2018-08-10T08:09:51","date_gmt":"2018-08-10T08:09:51","guid":{"rendered":"https:\/\/arosaindustries.ro\/contact\/"},"modified":"2021-05-16T19:59:38","modified_gmt":"2021-05-16T19:59:38","slug":"contact","status":"publish","type":"page","link":"https:\/\/arosaindustries.ro\/ro\/contact\/","title":{"rendered":"Contact"},"content":{"rendered":"\t\t<div data-elementor-type=\"wp-post\" data-elementor-id=\"2115\" class=\"elementor elementor-2115 elementor-187\" data-elementor-settings=\"[]\">\n\t\t\t\t\t\t<div class=\"elementor-inner\">\n\t\t\t\t\t\t\t<div class=\"elementor-section-wrap\">\n\t\t\t\t\t\t\t<section class=\"elementor-section elementor-top-section elementor-element elementor-element-c3cf900 elementor-section-content-top elementor-section-boxed elementor-section-height-default elementor-section-height-default\" data-id=\"c3cf900\" data-element_type=\"section\">\n\t\t\t\t\t\t<div class=\"elementor-container elementor-column-gap-default\">\n\t\t\t\t\t\t\t<div class=\"elementor-row\">\n\t\t\t\t\t<div class=\"aux-parallax-section elementor-column elementor-col-50 elementor-top-column elementor-element elementor-element-6b70dc9\" data-id=\"6b70dc9\" data-element_type=\"column\">\n\t\t\t<div class=\"elementor-column-wrap elementor-element-populated\">\n\t\t\t\t\t\t\t<div class=\"elementor-widget-wrap\">\n\t\t\t\t\t\t<div class=\"elementor-element elementor-element-531a73e el_modern-heading style-1 elementor-widget elementor-widget-aux_modern_heading\" data-id=\"531a73e\" data-element_type=\"widget\" data-widget_type=\"aux_modern_heading.default\">\n\t\t\t\t<div class=\"elementor-widget-container\">\n\t\t\t<section class=\"aux-widget-modern-heading\">\n            <div class=\"aux-widget-inner\"><h2 class=\"aux-modern-heading-primary\"><\/h2><h3 class=\"aux-modern-heading-secondary\"><span class=\"aux-head-before\">Ai \u00eentreb\u0103ri?<\/span><span class=\"aux-head-highlight\">Contacteaz\u0103-ne<\/span><\/h3><\/div>\n        <\/section>\t\t<\/div>\n\t\t\t\t<\/div>\n\t\t\t\t<div class=\"elementor-element elementor-element-1fd43d3 el_title-divider style-1 elementor-widget elementor-widget-text-editor\" data-id=\"1fd43d3\" data-element_type=\"widget\" data-widget_type=\"text-editor.default\">\n\t\t\t\t<div class=\"elementor-widget-container\">\n\t\t\t\t\t<div class=\"elementor-text-editor elementor-clearfix\"><div class=\"aux-bus2-title-divider\"><\/div><\/div>\n\t\t\t\t<\/div>\n\t\t\t\t<\/div>\n\t\t\t\t<div class=\"elementor-element elementor-element-2b84e61 aux-appear-watch-animation aux-fade-in-up elementor-widget elementor-widget-text-editor\" data-id=\"2b84e61\" data-element_type=\"widget\" data-widget_type=\"text-editor.default\">\n\t\t\t\t<div class=\"elementor-widget-container\">\n\t\t\t\t\t<div class=\"elementor-text-editor elementor-clearfix\">Suntem aici s\u0103 \u00ee\u021bi r\u0103spundem la \u00eentreb\u0103ri. Po\u021bi fie s\u0103 ne dai un telefon, fie s\u0103 ne trimi\u021bi un email la adresa de mai jos sau folosind formularul al\u0103turat. R\u0103spundem la toate \u00eentreb\u0103rile.<\/div>\n\t\t\t\t<\/div>\n\t\t\t\t<\/div>\n\t\t\t\t<div class=\"elementor-element elementor-element-5c8b06b aux-appear-watch-animation aux-fade-in-up elementor-widget elementor-widget-text-editor\" data-id=\"5c8b06b\" data-element_type=\"widget\" data-widget_type=\"text-editor.default\">\n\t\t\t\t<div class=\"elementor-widget-container\">\n\t\t\t\t\t<div class=\"elementor-text-editor elementor-clearfix\"><span style=\"font-weight: 600; font-size: 21px; margin-bottom: 7px; display: block;\">Telefon<\/span>\n+40 364 140 280<br \/>\n+40 364 140 281(fax)<\/div>\n\t\t\t\t<\/div>\n\t\t\t\t<\/div>\n\t\t\t\t<div class=\"elementor-element elementor-element-be59f7e aux-appear-watch-animation aux-fade-in-up elementor-widget elementor-widget-text-editor\" data-id=\"be59f7e\" data-element_type=\"widget\" data-widget_type=\"text-editor.default\">\n\t\t\t\t<div class=\"elementor-widget-container\">\n\t\t\t\t\t<div class=\"elementor-text-editor elementor-clearfix\"><span style=\"font-weight: 600; font-size: 21px; margin-bottom: 7px; display: block;\">E-mail<\/span>\noffice@arosaindustries.ro<\/div>\n\t\t\t\t<\/div>\n\t\t\t\t<\/div>\n\t\t\t\t<div class=\"elementor-element elementor-element-b725142 aux-appear-watch-animation aux-fade-in-up elementor-widget elementor-widget-text-editor\" data-id=\"b725142\" data-element_type=\"widget\" data-widget_type=\"text-editor.default\">\n\t\t\t\t<div class=\"elementor-widget-container\">\n\t\t\t\t\t<div class=\"elementor-text-editor elementor-clearfix\"><span style=\"font-weight: 600; font-size: 21px; margin-bottom: 7px; display: block;\">Adres\u0103<\/span>\n16 Muncii Blvd. Cluj-Napoca, 400641 Rom\u00e2nia<\/div>\n\t\t\t\t<\/div>\n\t\t\t\t<\/div>\n\t\t\t\t\t\t<\/div>\n\t\t\t\t\t<\/div>\n\t\t<\/div>\n\t\t\t\t<div class=\"aux-parallax-section elementor-column elementor-col-50 elementor-top-column elementor-element elementor-element-60bd87b\" data-id=\"60bd87b\" data-element_type=\"column\">\n\t\t\t<div class=\"elementor-column-wrap elementor-element-populated\">\n\t\t\t\t\t\t\t<div class=\"elementor-widget-wrap\">\n\t\t\t\t\t\t<div class=\"elementor-element elementor-element-db3a4a4 aux-appear-watch-animation aux-mask-from-left el_modern-heading style-1 elementor-widget elementor-widget-aux_modern_heading\" data-id=\"db3a4a4\" data-element_type=\"widget\" data-widget_type=\"aux_modern_heading.default\">\n\t\t\t\t<div class=\"elementor-widget-container\">\n\t\t\t<section class=\"aux-widget-modern-heading\">\n            <div class=\"aux-widget-inner\"><h5 class=\"aux-modern-heading-primary\"><\/h5><h3 class=\"aux-modern-heading-secondary\"><span class=\"aux-head-before\">Scrie-ne un mesaj<\/span><\/h3><\/div>\n        <\/section>\t\t<\/div>\n\t\t\t\t<\/div>\n\t\t\t\t<div class=\"elementor-element elementor-element-9a6758d aux-appear-watch-animation aux-fade-in-up elementor-widget elementor-widget-aux_contact_form\" data-id=\"9a6758d\" data-element_type=\"widget\" data-widget_type=\"aux_contact_form.default\">\n\t\t\t\t<div class=\"elementor-widget-container\">\n\t\t\t<section class=\"widget-container aux-widget-contact-form aux-parent-aud930d3b5\" style=\"\" >            <div class=\"aux-col-wrapper aux-no-gutter\">\n            <!-- @TODO - The output for element here -->\n\n            <div role=\"form\" class=\"wpcf7\" id=\"wpcf7-f2204-o1\" lang=\"en-US\" dir=\"ltr\">\n<div class=\"screen-reader-response\"><p role=\"status\" aria-live=\"polite\" aria-atomic=\"true\"><\/p> <ul><\/ul><\/div>\n<form action=\"\/ro\/wp-json\/wp\/v2\/pages\/2115#wpcf7-f2204-o1\" method=\"post\" class=\"wpcf7-form init\" novalidate=\"novalidate\" data-status=\"init\">\n<div style=\"display: none;\">\n<input type=\"hidden\" name=\"_wpcf7\" value=\"2204\" \/>\n<input type=\"hidden\" name=\"_wpcf7_version\" value=\"5.3\" \/>\n<input type=\"hidden\" name=\"_wpcf7_locale\" value=\"en_US\" \/>\n<input type=\"hidden\" name=\"_wpcf7_unit_tag\" value=\"wpcf7-f2204-o1\" \/>\n<input type=\"hidden\" name=\"_wpcf7_container_post\" value=\"0\" \/>\n<input type=\"hidden\" name=\"_wpcf7_posted_data_hash\" value=\"\" \/>\n<\/div>\n<div class=\"aux-modern-form\">\n<div class=\"aux-input-group aux-form-inline\">\n        <span class=\"wpcf7-form-control-wrap your-name\"><input type=\"text\" name=\"your-name\" value=\"\" size=\"40\" class=\"wpcf7-form-control wpcf7-text wpcf7-validates-as-required\" aria-required=\"true\" aria-invalid=\"false\" \/><\/span><br \/>\n        <label for=\"name\">Nume prenume*<\/label><\/p>\n<div class=\"aux-modern-form-border\"><\/div>\n<\/p><\/div>\n<div class=\"aux-input-group aux-form-inline\">\n        <span class=\"wpcf7-form-control-wrap your-email\"><input type=\"text\" name=\"your-email\" value=\"\" size=\"40\" class=\"wpcf7-form-control wpcf7-text\" aria-invalid=\"false\" \/><\/span><br \/>\n        <label for=\"email\">Email<\/label><\/p>\n<div class=\"aux-modern-form-border\"><\/div>\n<\/p><\/div>\n<div class=\"aux-input-group aux-form-inline\">\n        <span class=\"wpcf7-form-control-wrap your-telephone\"><input type=\"text\" name=\"your-telephone\" value=\"\" size=\"40\" class=\"wpcf7-form-control wpcf7-text\" aria-invalid=\"false\" \/><\/span><br \/>\n        <label for=\"number\">Telefon*<\/label><\/p>\n<div class=\"aux-modern-form-border\"><\/div>\n<\/p><\/div>\n<div class=\"aux-input-group\" style=\"margin-right:15px;\">\n        <span class=\"wpcf7-form-control-wrap your-message\"><textarea name=\"your-message\" cols=\"40\" rows=\"10\" class=\"wpcf7-form-control wpcf7-textarea\" aria-invalid=\"false\"><\/textarea><\/span><br \/>\n        <label for=\"text\">Mesaj<\/label><\/p>\n<div class=\"aux-modern-form-border\"><\/div>\n<\/p><\/div>\n<p>    <input type=\"submit\" value=\"TRIMITE MESAJUL\" class=\"wpcf7-form-control wpcf7-submit\" \/>\n<\/p><\/div>\n<div class=\"wpcf7-response-output\" aria-hidden=\"true\"><\/div><\/form><\/div>\n\n            <\/div><!-- aux-col-wrapper -->\n    <\/section><!-- widget-container -->\t\t<\/div>\n\t\t\t\t<\/div>\n\t\t\t\t\t\t<\/div>\n\t\t\t\t\t<\/div>\n\t\t<\/div>\n\t\t\t\t\t\t\t\t<\/div>\n\t\t\t\t\t<\/div>\n\t\t<\/section>\n\t\t\t\t<section class=\"elementor-section elementor-top-section elementor-element elementor-element-fd1acfd elementor-section-boxed elementor-section-height-default elementor-section-height-default\" data-id=\"fd1acfd\" data-element_type=\"section\">\n\t\t\t\t\t\t<div class=\"elementor-container elementor-column-gap-default\">\n\t\t\t\t\t\t\t<div class=\"elementor-row\">\n\t\t\t\t\t<div class=\"aux-parallax-section elementor-column elementor-col-25 elementor-top-column elementor-element elementor-element-8919f90\" data-id=\"8919f90\" data-element_type=\"column\">\n\t\t\t<div class=\"elementor-column-wrap elementor-element-populated\">\n\t\t\t\t\t\t\t<div class=\"elementor-widget-wrap\">\n\t\t\t\t\t\t<section class=\"elementor-section elementor-inner-section elementor-element elementor-element-3211a88 elementor-section-boxed elementor-section-height-default elementor-section-height-default\" data-id=\"3211a88\" data-element_type=\"section\">\n\t\t\t\t\t\t<div class=\"elementor-container elementor-column-gap-default\">\n\t\t\t\t\t\t\t<div class=\"elementor-row\">\n\t\t\t\t\t<div class=\"aux-parallax-section elementor-column elementor-col-100 elementor-inner-column elementor-element elementor-element-be36160\" data-id=\"be36160\" data-element_type=\"column\">\n\t\t\t<div class=\"elementor-column-wrap elementor-element-populated\">\n\t\t\t\t\t\t\t<div class=\"elementor-widget-wrap\">\n\t\t\t\t\t\t<div class=\"elementor-element elementor-element-cf0aaa8 elementor-widget elementor-widget-heading\" data-id=\"cf0aaa8\" data-element_type=\"widget\" data-widget_type=\"heading.default\">\n\t\t\t\t<div class=\"elementor-widget-container\">\n\t\t\t<p class=\"elementor-heading-title elementor-size-default\">Servicii g\u00e2ndite \u0219i orientate c\u0103tre client<\/p>\t\t<\/div>\n\t\t\t\t<\/div>\n\t\t\t\t<div class=\"elementor-element elementor-element-e7b3d12 elementor-widget elementor-widget-heading\" data-id=\"e7b3d12\" data-element_type=\"widget\" data-widget_type=\"heading.default\">\n\t\t\t\t<div class=\"elementor-widget-container\">\n\t\t\t<p class=\"elementor-heading-title elementor-size-default\"><a href=\"\/ro\/servicii-si-capabilitati\">serviciile noastre<\/a><\/p>\t\t<\/div>\n\t\t\t\t<\/div>\n\t\t\t\t\t\t<\/div>\n\t\t\t\t\t<\/div>\n\t\t<\/div>\n\t\t\t\t\t\t\t\t<\/div>\n\t\t\t\t\t<\/div>\n\t\t<\/section>\n\t\t\t\t\t\t<\/div>\n\t\t\t\t\t<\/div>\n\t\t<\/div>\n\t\t\t\t<div class=\"aux-parallax-section elementor-column elementor-col-25 elementor-top-column elementor-element elementor-element-86e1e15\" data-id=\"86e1e15\" data-element_type=\"column\">\n\t\t\t<div class=\"elementor-column-wrap elementor-element-populated\">\n\t\t\t\t\t\t\t<div class=\"elementor-widget-wrap\">\n\t\t\t\t\t\t<section class=\"elementor-section elementor-inner-section elementor-element elementor-element-e5efd90 elementor-section-boxed elementor-section-height-default elementor-section-height-default\" data-id=\"e5efd90\" data-element_type=\"section\" data-settings=\"{&quot;background_background&quot;:&quot;classic&quot;}\">\n\t\t\t\t\t\t<div class=\"elementor-container elementor-column-gap-default\">\n\t\t\t\t\t\t\t<div class=\"elementor-row\">\n\t\t\t\t\t<div class=\"aux-parallax-section elementor-column elementor-col-100 elementor-inner-column elementor-element elementor-element-c197df4\" data-id=\"c197df4\" data-element_type=\"column\">\n\t\t\t<div class=\"elementor-column-wrap elementor-element-populated\">\n\t\t\t\t\t\t\t<div class=\"elementor-widget-wrap\">\n\t\t\t\t\t\t<div class=\"elementor-element elementor-element-5bb4f0f elementor-widget elementor-widget-heading\" data-id=\"5bb4f0f\" data-element_type=\"widget\" data-widget_type=\"heading.default\">\n\t\t\t\t<div class=\"elementor-widget-container\">\n\t\t\t<p class=\"elementor-heading-title elementor-size-default\">Experin\u021b\u0103 \u00een fabricarea produselor metalice<\/p>\t\t<\/div>\n\t\t\t\t<\/div>\n\t\t\t\t<div class=\"elementor-element elementor-element-7d7d21c elementor-widget elementor-widget-heading\" data-id=\"7d7d21c\" data-element_type=\"widget\" data-widget_type=\"heading.default\">\n\t\t\t\t<div class=\"elementor-widget-container\">\n\t\t\t<p class=\"elementor-heading-title elementor-size-default\"><a href=\"\/about-us\">despre noi<\/a><\/p>\t\t<\/div>\n\t\t\t\t<\/div>\n\t\t\t\t\t\t<\/div>\n\t\t\t\t\t<\/div>\n\t\t<\/div>\n\t\t\t\t\t\t\t\t<\/div>\n\t\t\t\t\t<\/div>\n\t\t<\/section>\n\t\t\t\t\t\t<\/div>\n\t\t\t\t\t<\/div>\n\t\t<\/div>\n\t\t\t\t<div class=\"aux-parallax-section elementor-column elementor-col-25 elementor-top-column elementor-element elementor-element-aa71931\" data-id=\"aa71931\" data-element_type=\"column\">\n\t\t\t<div class=\"elementor-column-wrap elementor-element-populated\">\n\t\t\t\t\t\t\t<div class=\"elementor-widget-wrap\">\n\t\t\t\t\t\t<section class=\"elementor-section elementor-inner-section elementor-element elementor-element-2ccaa7f elementor-section-boxed elementor-section-height-default elementor-section-height-default\" data-id=\"2ccaa7f\" data-element_type=\"section\">\n\t\t\t\t\t\t<div class=\"elementor-container elementor-column-gap-default\">\n\t\t\t\t\t\t\t<div class=\"elementor-row\">\n\t\t\t\t\t<div class=\"aux-parallax-section elementor-column elementor-col-100 elementor-inner-column elementor-element elementor-element-c4f1a28\" data-id=\"c4f1a28\" data-element_type=\"column\">\n\t\t\t<div class=\"elementor-column-wrap elementor-element-populated\">\n\t\t\t\t\t\t\t<div class=\"elementor-widget-wrap\">\n\t\t\t\t\t\t<div class=\"elementor-element elementor-element-4426b95 elementor-widget elementor-widget-heading\" data-id=\"4426b95\" data-element_type=\"widget\" data-widget_type=\"heading.default\">\n\t\t\t\t<div class=\"elementor-widget-container\">\n\t\t\t<p class=\"elementor-heading-title elementor-size-default\">Ne ocup\u0103m de toate opera\u021biile de execu\u021bie<\/p>\t\t<\/div>\n\t\t\t\t<\/div>\n\t\t\t\t<div class=\"elementor-element elementor-element-9aba783 elementor-widget elementor-widget-heading\" data-id=\"9aba783\" data-element_type=\"widget\" data-widget_type=\"heading.default\">\n\t\t\t\t<div class=\"elementor-widget-container\">\n\t\t\t<p class=\"elementor-heading-title elementor-size-default\"><a href=\"\/ro\/servicii-si-capabilitati\">capabilit\u0103\u021bile noastre<\/a><\/p>\t\t<\/div>\n\t\t\t\t<\/div>\n\t\t\t\t\t\t<\/div>\n\t\t\t\t\t<\/div>\n\t\t<\/div>\n\t\t\t\t\t\t\t\t<\/div>\n\t\t\t\t\t<\/div>\n\t\t<\/section>\n\t\t\t\t\t\t<\/div>\n\t\t\t\t\t<\/div>\n\t\t<\/div>\n\t\t\t\t<div class=\"aux-parallax-section elementor-column elementor-col-25 elementor-top-column elementor-element elementor-element-166f4b9\" data-id=\"166f4b9\" data-element_type=\"column\">\n\t\t\t<div class=\"elementor-column-wrap elementor-element-populated\">\n\t\t\t\t\t\t\t<div class=\"elementor-widget-wrap\">\n\t\t\t\t\t\t<section class=\"elementor-section elementor-inner-section elementor-element elementor-element-90c5e83 elementor-section-boxed elementor-section-height-default elementor-section-height-default\" data-id=\"90c5e83\" data-element_type=\"section\" data-settings=\"{&quot;background_background&quot;:&quot;classic&quot;}\">\n\t\t\t\t\t\t<div class=\"elementor-container elementor-column-gap-default\">\n\t\t\t\t\t\t\t<div class=\"elementor-row\">\n\t\t\t\t\t<div class=\"aux-parallax-section elementor-column elementor-col-100 elementor-inner-column elementor-element elementor-element-4a76d39\" data-id=\"4a76d39\" data-element_type=\"column\">\n\t\t\t<div class=\"elementor-column-wrap elementor-element-populated\">\n\t\t\t\t\t\t\t<div class=\"elementor-widget-wrap\">\n\t\t\t\t\t\t<div class=\"elementor-element elementor-element-9a0d988 elementor-widget elementor-widget-heading\" data-id=\"9a0d988\" data-element_type=\"widget\" data-widget_type=\"heading.default\">\n\t\t\t\t<div class=\"elementor-widget-container\">\n\t\t\t<p class=\"elementor-heading-title elementor-size-default\">Fabric\u0103m produse pentru 12 industrii<\/p>\t\t<\/div>\n\t\t\t\t<\/div>\n\t\t\t\t<div class=\"elementor-element elementor-element-36122dc elementor-widget elementor-widget-heading\" data-id=\"36122dc\" data-element_type=\"widget\" data-widget_type=\"heading.default\">\n\t\t\t\t<div class=\"elementor-widget-container\">\n\t\t\t<p class=\"elementor-heading-title elementor-size-default\"><a href=\"\/ro\/produse\">portofoliu produse<\/a><\/p>\t\t<\/div>\n\t\t\t\t<\/div>\n\t\t\t\t\t\t<\/div>\n\t\t\t\t\t<\/div>\n\t\t<\/div>\n\t\t\t\t\t\t\t\t<\/div>\n\t\t\t\t\t<\/div>\n\t\t<\/section>\n\t\t\t\t\t\t<\/div>\n\t\t\t\t\t<\/div>\n\t\t<\/div>\n\t\t\t\t\t\t\t\t<\/div>\n\t\t\t\t\t<\/div>\n\t\t<\/section>\n\t\t\t\t\t\t<\/div>\n\t\t\t\t\t\t<\/div>\n\t\t\t\t\t<\/div>\n\t\t","protected":false},"excerpt":{"rendered":"<p>Ai \u00eentreb\u0103ri?Contacteaz\u0103-ne Suntem aici s\u0103 \u00ee\u021bi r\u0103spundem la \u00eentreb\u0103ri. Po\u021bi fie s\u0103 ne dai un telefon, fie s\u0103 ne trimi\u021bi un email la adresa de mai jos sau folosind formularul al\u0103turat. R\u0103spundem la toate \u00eentreb\u0103rile.Telefon +40 364 140 280 +40 364 140 281(fax)E-mail office@arosaindustries.roAdres\u0103 16 Muncii Blvd. Cluj-Napoca, 400641 Rom\u00e2nia Scrie-ne un mesaj Nume, Prenume* [&hellip;]<\/p>\n","protected":false},"author":1,"featured_media":0,"parent":0,"menu_order":0,"comment_status":"closed","ping_status":"closed","template":"","meta":[],"yoast_head":"<!-- This site is optimized with the Yoast SEO plugin v16.2 - https:\/\/yoast.com\/wordpress\/plugins\/seo\/ -->\n<title>Ai \u00eentreb\u0103ri? Nu ezita s\u0103 ne ontactezi | Arosa Industries<\/title>\n<meta name=\"description\" content=\"Po\u021bi fie s\u0103 ne dai un telefon, fie s\u0103 ne trimi\u021bi un email la adresa de mai jos sau folosing formularul al\u0103turat.\" \/>\n<meta name=\"robots\" content=\"index, follow, max-snippet:-1, max-image-preview:large, max-video-preview:-1\" \/>\n<link rel=\"canonical\" href=\"https:\/\/arosaindustries.ro\/ro\/contact\/\" \/>\n<meta property=\"og:locale\" content=\"ro_RO\" \/>\n<meta property=\"og:type\" content=\"article\" \/>\n<meta property=\"og:title\" content=\"Ai \u00eentreb\u0103ri? Nu ezita s\u0103 ne ontactezi | Arosa Industries\" \/>\n<meta property=\"og:description\" content=\"Po\u021bi fie s\u0103 ne dai un telefon, fie s\u0103 ne trimi\u021bi un email la adresa de mai jos sau folosing formularul al\u0103turat.\" \/>\n<meta property=\"og:url\" content=\"https:\/\/arosaindustries.ro\/contact\/\" \/>\n<meta property=\"og:site_name\" content=\"Arosa Industries\" \/>\n<meta property=\"article:modified_time\" content=\"2021-05-16T19:59:38+00:00\" \/>\n<meta property=\"og:image\" content=\"https:\/\/arosaindustries.ro\/wp-content\/uploads\/2021\/04\/share-contact-1.jpg\" \/>\n\t<meta property=\"og:image:width\" content=\"1200\" \/>\n\t<meta property=\"og:image:height\" content=\"628\" \/>\n<meta name=\"twitter:card\" content=\"summary_large_image\" \/>\n<meta name=\"twitter:label1\" content=\"Timp estimat pentru citire\">\n\t<meta name=\"twitter:data1\" content=\"1 minut\">\n<script type=\"application\/ld+json\" class=\"yoast-schema-graph\">{\"@context\":\"https:\/\/schema.org\",\"@graph\":[{\"@type\":\"Organization\",\"@id\":\"https:\/\/arosaindustries.ro\/#organization\",\"name\":\"Arosa Industries\",\"url\":\"https:\/\/arosaindustries.ro\/\",\"sameAs\":[],\"logo\":{\"@type\":\"ImageObject\",\"@id\":\"https:\/\/arosaindustries.ro\/#logo\",\"inLanguage\":\"ro-RO\",\"url\":\"https:\/\/arosaindustries.ro\/wp-content\/uploads\/2020\/10\/logo.png\",\"contentUrl\":\"https:\/\/arosaindustries.ro\/wp-content\/uploads\/2020\/10\/logo.png\",\"width\":295,\"height\":47,\"caption\":\"Arosa Industries\"},\"image\":{\"@id\":\"https:\/\/arosaindustries.ro\/#logo\"}},{\"@type\":\"WebSite\",\"@id\":\"https:\/\/arosaindustries.ro\/#website\",\"url\":\"https:\/\/arosaindustries.ro\/\",\"name\":\"Arosa Industries\",\"description\":\"Fabricated steel products\",\"publisher\":{\"@id\":\"https:\/\/arosaindustries.ro\/#organization\"},\"potentialAction\":[{\"@type\":\"SearchAction\",\"target\":\"https:\/\/arosaindustries.ro\/?s={search_term_string}\",\"query-input\":\"required name=search_term_string\"}],\"inLanguage\":\"ro-RO\"},{\"@type\":\"ImageObject\",\"@id\":\"https:\/\/arosaindustries.ro\/contact\/#primaryimage\",\"inLanguage\":\"ro-RO\",\"url\":\"https:\/\/arosaindustries.ro\/wp-content\/uploads\/2021\/04\/share-contact-1.jpg\",\"contentUrl\":\"https:\/\/arosaindustries.ro\/wp-content\/uploads\/2021\/04\/share-contact-1.jpg\",\"width\":1200,\"height\":628},{\"@type\":\"WebPage\",\"@id\":\"https:\/\/arosaindustries.ro\/contact\/#webpage\",\"url\":\"https:\/\/arosaindustries.ro\/contact\/\",\"name\":\"Ai \\u00eentreb\\u0103ri? Nu ezita s\\u0103 ne ontactezi | Arosa Industries\",\"isPartOf\":{\"@id\":\"https:\/\/arosaindustries.ro\/#website\"},\"primaryImageOfPage\":{\"@id\":\"https:\/\/arosaindustries.ro\/contact\/#primaryimage\"},\"datePublished\":\"2018-08-10T08:09:51+00:00\",\"dateModified\":\"2021-05-16T19:59:38+00:00\",\"description\":\"Po\\u021bi fie s\\u0103 ne dai un telefon, fie s\\u0103 ne trimi\\u021bi un email la adresa de mai jos sau folosing formularul al\\u0103turat.\",\"breadcrumb\":{\"@id\":\"https:\/\/arosaindustries.ro\/contact\/#breadcrumb\"},\"inLanguage\":\"ro-RO\",\"potentialAction\":[{\"@type\":\"ReadAction\",\"target\":[\"https:\/\/arosaindustries.ro\/contact\/\"]}]},{\"@type\":\"BreadcrumbList\",\"@id\":\"https:\/\/arosaindustries.ro\/contact\/#breadcrumb\",\"itemListElement\":[{\"@type\":\"ListItem\",\"position\":1,\"item\":{\"@type\":\"WebPage\",\"@id\":\"https:\/\/arosaindustries.ro\/ro\/\",\"url\":\"https:\/\/arosaindustries.ro\/ro\/\",\"name\":\"Home\"}},{\"@type\":\"ListItem\",\"position\":2,\"item\":{\"@id\":\"https:\/\/arosaindustries.ro\/contact\/#webpage\"}}]}]}<\/script>\n<!-- \/ Yoast SEO plugin. -->","_links":{"self":[{"href":"https:\/\/arosaindustries.ro\/ro\/wp-json\/wp\/v2\/pages\/2115"}],"collection":[{"href":"https:\/\/arosaindustries.ro\/ro\/wp-json\/wp\/v2\/pages"}],"about":[{"href":"https:\/\/arosaindustries.ro\/ro\/wp-json\/wp\/v2\/types\/page"}],"author":[{"embeddable":true,"href":"https:\/\/arosaindustries.ro\/ro\/wp-json\/wp\/v2\/users\/1"}],"replies":[{"embeddable":true,"href":"https:\/\/arosaindustries.ro\/ro\/wp-json\/wp\/v2\/comments?post=2115"}],"version-history":[{"count":19,"href":"https:\/\/arosaindustries.ro\/ro\/wp-json\/wp\/v2\/pages\/2115\/revisions"}],"predecessor-version":[{"id":2722,"href":"https:\/\/arosaindustries.ro\/ro\/wp-json\/wp\/v2\/pages\/2115\/revisions\/2722"}],"wp:attachment":[{"href":"https:\/\/arosaindustries.ro\/ro\/wp-json\/wp\/v2\/media?parent=2115"}],"curies":[{"name":"wp","href":"https:\/\/api.w.org\/{rel}","templated":true}]}}